{"id":21,"date":"2019-05-24T17:42:09","date_gmt":"2019-05-24T17:42:09","guid":{"rendered":"https:\/\/vacationpropertymaids.com\/?page_id=21"},"modified":"2025-11-20T21:55:24","modified_gmt":"2025-11-20T21:55:24","slug":"testimonials","status":"publish","type":"page","link":"https:\/\/vacationpropertymaids.com\/es\/testimonials\/","title":{"rendered":"Testimoniales"},"content":{"rendered":"<div class=\"wpb-content-wrapper\"><div data-vc-full-width=\"true\" data-vc-full-width-temp=\"true\" data-vc-full-width-init=\"false\" class=\"vc_row wpb_row vc_row-fluid vc_custom_1755880017703 vc_row-has-fill\"><div class=\"wpb_column vc_column_container vc_col-sm-12 vc_col-has-fill\"><div class=\"vc_column-inner vc_custom_1558733773251\"><div class=\"wpb_wrapper\"><div class=\"vc_separator wpb_content_element vc_separator_align_left vc_sep_width_20 vc_sep_border_width_2 vc_sep_pos_align_left vc_custom_1559931756345 wpb_content_element vc_separator-has-text\" ><span class=\"vc_sep_holder vc_sep_holder_l\"><span style=\"border-color:#c6c6c6;\" class=\"vc_sep_line\"><\/span><\/span><h4>Testimoniales<\/h4><span class=\"vc_sep_holder vc_sep_holder_r\"><span style=\"border-color:#c6c6c6;\" class=\"vc_sep_line\"><\/span><\/span>\n<\/div><h1 style=\"font-size: 40px;color: #ffffff;text-align: left\" class=\"vc_custom_heading vc_do_custom_heading vc_custom_1665433746334\" >What Our Clients Say About Us<\/h1><div class=\"vc_row wpb_row vc_inner vc_row-fluid vc_custom_1724715351613 vc_column-gap-15 vc_row-o-equal-height vc_row-flex\"><div class=\"wpb_column vc_column_container vc_col-sm-6\"><div class=\"vc_column-inner\"><div class=\"wpb_wrapper\">\n\t<div class=\"wpb_video_widget wpb_content_element vc_clearfix   vc_video-aspect-ratio-169 vc_video-el-width-100 vc_video-align-left\" >\n\t\t<div class=\"wpb_wrapper\">\n\t\t\t\n\t\t\t<div class=\"wpb_video_wrapper\"><iframe loading=\"lazy\" title=\"Matthew - Vacation Property Maids Cleaning Services in Southern California\" width=\"500\" height=\"281\" src=\"https:\/\/www.youtube.com\/embed\/VXlJnuoW1UU?feature=oembed\" frameborder=\"0\" allow=\"accelerometer; autoplay; clipboard-write; encrypted-media; gyroscope; picture-in-picture; web-share\" referrerpolicy=\"strict-origin-when-cross-origin\" allowfullscreen><\/iframe><\/div>\n\t\t<\/div>\n\t<\/div>\n<h3 style=\"font-size: 1.5rem;color: #ffffff;text-align: center\" class=\"vc_custom_heading vc_do_custom_heading vc_custom_1752514195265\" ><strong>\"Couldn't think of anyone else that I'd want to work with other than Vacation Property Maids. They bring value, friendliness and just top-notch services.\"<\/strong><\/h3><h2 style=\"color: #ffffff;text-align: left\" class=\"vc_custom_heading vc_do_custom_heading\" >- Matthew, San Diego, CA.<\/h2><\/div><\/div><\/div><div class=\"wpb_column vc_column_container vc_col-sm-6\"><div class=\"vc_column-inner\"><div class=\"wpb_wrapper\">\n\t<div class=\"wpb_video_widget wpb_content_element vc_clearfix   vc_video-aspect-ratio-169 vc_video-el-width-100 vc_video-align-left\" >\n\t\t<div class=\"wpb_wrapper\">\n\t\t\t\n\t\t\t<div class=\"wpb_video_wrapper\"><iframe loading=\"lazy\" title=\"Bill Testimonial - Vacation Property Maids Cleaning Services in Southern California\" width=\"500\" height=\"281\" src=\"https:\/\/www.youtube.com\/embed\/t1qySURuV4A?feature=oembed\" frameborder=\"0\" allow=\"accelerometer; autoplay; clipboard-write; encrypted-media; gyroscope; picture-in-picture; web-share\" referrerpolicy=\"strict-origin-when-cross-origin\" allowfullscreen><\/iframe><\/div>\n\t\t<\/div>\n\t<\/div>\n<h3 style=\"font-size: 1.5rem;color: #ffffff;text-align: center\" class=\"vc_custom_heading vc_do_custom_heading vc_custom_1755879740583\" ><strong>\"We've been with Vacation Property Maids 6 or 8 years now, the team comes and they do the best job of any company I've ever worked with, I've been in the Vacation Property Rental business for 35 years and there's no one that does a better job than they do.\"<\/strong><\/h3><h2 style=\"color: #ffffff;text-align: left\" class=\"vc_custom_heading vc_do_custom_heading\" >- Bill, La Jolla, CA.<\/h2><\/div><\/div><\/div><\/div><div class=\"vc_row wpb_row vc_inner vc_row-fluid vc_custom_1724715351613 vc_column-gap-15 vc_row-o-equal-height vc_row-flex\"><div class=\"wpb_column vc_column_container vc_col-sm-6\"><div class=\"vc_column-inner\"><div class=\"wpb_wrapper\">\n\t<div class=\"wpb_video_widget wpb_content_element vc_clearfix   vc_video-aspect-ratio-169 vc_video-el-width-100 vc_video-align-left\" >\n\t\t<div class=\"wpb_wrapper\">\n\t\t\t\n\t\t\t<div class=\"wpb_video_wrapper\"><iframe loading=\"lazy\" title=\"Peter Testimonial - Vacation Property Maids Cleaning Services in Southern California\" width=\"500\" height=\"281\" src=\"https:\/\/www.youtube.com\/embed\/er7bO7uC2M4?feature=oembed\" frameborder=\"0\" allow=\"accelerometer; autoplay; clipboard-write; encrypted-media; gyroscope; picture-in-picture; web-share\" referrerpolicy=\"strict-origin-when-cross-origin\" allowfullscreen><\/iframe><\/div>\n\t\t<\/div>\n\t<\/div>\n<h3 style=\"font-size: 1.5rem;color: #ffffff;text-align: center\" class=\"vc_custom_heading vc_do_custom_heading vc_custom_1724715530159\" ><strong>\"The detail work that the cleaning teams do is just amazing! The best I've ever seen.\"<\/strong><\/h3><h2 style=\"color: #ffffff;text-align: left\" class=\"vc_custom_heading vc_do_custom_heading\" >- Peter, Escondido, CA.<\/h2><\/div><\/div><\/div><div class=\"wpb_column vc_column_container vc_col-sm-6\"><div class=\"vc_column-inner\"><div class=\"wpb_wrapper\">\n\t<div class=\"wpb_video_widget wpb_content_element vc_clearfix   vc_video-aspect-ratio-169 vc_video-el-width-100 vc_video-align-left\" >\n\t\t<div class=\"wpb_wrapper\">\n\t\t\t\n\t\t\t<div class=\"wpb_video_wrapper\"><iframe loading=\"lazy\" title=\"Adam Testimonial - Vacation Property Maids Cleaning Services in Southern California\" width=\"500\" height=\"281\" src=\"https:\/\/www.youtube.com\/embed\/KTsbj2ad4e8?feature=oembed\" frameborder=\"0\" allow=\"accelerometer; autoplay; clipboard-write; encrypted-media; gyroscope; picture-in-picture; web-share\" referrerpolicy=\"strict-origin-when-cross-origin\" allowfullscreen><\/iframe><\/div>\n\t\t<\/div>\n\t<\/div>\n<h3 style=\"font-size: 1.5rem;color: #ffffff;text-align: center\" class=\"vc_custom_heading vc_do_custom_heading vc_custom_1724715541499\" ><strong>\"Been using Vacation Property Maids Services for 3 years now, It's been an amazing experience.\"<\/strong><\/h3><h2 style=\"color: #ffffff;text-align: left\" class=\"vc_custom_heading vc_do_custom_heading\" >- Adam, San Diego, CA.<\/h2><\/div><\/div><\/div><\/div>\n\t<div class=\"wpb_raw_code wpb_raw_html wpb_content_element vc_custom_1763674861137\" >\n\t\t<div class=\"wpb_wrapper\">\n\t\t\t<script type='text\/javascript' src='https:\/\/app.vacationpropertymaids.com\/reputation\/assets\/review-widget.js'><\/script><iframe class='lc_reviews_widget' src='https:\/\/app.vacationpropertymaids.com\/reputation\/widgets\/review_widget\/Dqs5sZATNnbENBxRJoF3?widgetId=691f8ada9fb28d0b06fbad5a' frameborder='0' scrolling='no' style='min-width: 100%; width: 100%;'><\/iframe>\n\t\t<\/div>\n\t<\/div>\n<\/div><\/div><\/div><\/div><div class=\"vc_row-full-width vc_clearfix\"><\/div><div class=\"nk-awb  nk-awb-after-vc_row\" ><div class=\"nk-awb-wrap\" data-awb-type=\"image\" data-awb-image-background-size=\"cover\" data-awb-image-background-position=\"50% 50%\"><div class=\"nk-awb-overlay\" style=\"background-color: rgba(26,26,26,0.7);\"><\/div><div  class=\"nk-awb-inner\"><img loading=\"lazy\" decoding=\"async\" width=\"1920\" height=\"527\" src=\"https:\/\/vacationpropertymaids.com\/wp-content\/uploads\/sites\/4\/2019\/05\/faded-shapes.png\" class=\"jarallax-img\" alt=\"background\" style=\"object-position: 50% 50%;\" srcset=\"https:\/\/vacationpropertymaids.com\/wp-content\/uploads\/sites\/4\/2019\/05\/faded-shapes.png 1920w, https:\/\/vacationpropertymaids.com\/wp-content\/uploads\/sites\/4\/2019\/05\/faded-shapes-300x82.png 300w, https:\/\/vacationpropertymaids.com\/wp-content\/uploads\/sites\/4\/2019\/05\/faded-shapes-1024x281.png 1024w, https:\/\/vacationpropertymaids.com\/wp-content\/uploads\/sites\/4\/2019\/05\/faded-shapes-768x211.png 768w, https:\/\/vacationpropertymaids.com\/wp-content\/uploads\/sites\/4\/2019\/05\/faded-shapes-1536x422.png 1536w, https:\/\/vacationpropertymaids.com\/wp-content\/uploads\/sites\/4\/2019\/05\/faded-shapes-500x137.png 500w, https:\/\/vacationpropertymaids.com\/wp-content\/uploads\/sites\/4\/2019\/05\/faded-shapes-800x220.png 800w, https:\/\/vacationpropertymaids.com\/wp-content\/uploads\/sites\/4\/2019\/05\/faded-shapes-1280x351.png 1280w\" sizes=\"auto, (max-width: 1920px) 100vw, 1920px\" \/><\/div><\/div><\/div><div data-vc-full-width=\"true\" data-vc-full-width-temp=\"true\" data-vc-full-width-init=\"false\" data-vc-stretch-content=\"true\" class=\"vc_row wpb_row vc_row-fluid section-row vc_custom_1738878646563 vc_row-has-fill vc_row-o-equal-height vc_row-flex\"><div class=\"wpb_column vc_column_container vc_col-sm-6 vc_col-has-fill\"><div class=\"vc_column-inner vc_custom_1738784271843\"><div class=\"wpb_wrapper\"><div class=\"vc_row wpb_row vc_inner vc_row-fluid vc_custom_1738784296768 vc_column-gap-1 vc_row-o-equal-height vc_row-flex\"><div class=\"wpb_column vc_column_container vc_col-sm-4 vc_col-has-fill\"><div class=\"vc_column-inner vc_custom_1738784334970\"><div class=\"wpb_wrapper\">\n\t<div  class=\"wpb_single_image wpb_content_element vc_align_left wpb_content_element vc_custom_1763164021464\">\n\t\t\n\t\t<figure class=\"wpb_wrapper vc_figure\">\n\t\t\t<div class=\"vc_single_image-wrapper   vc_box_border_grey\"><img loading=\"lazy\" decoding=\"async\" width=\"81\" height=\"81\" src=\"https:\/\/vacationpropertymaids.com\/wp-content\/uploads\/sites\/4\/2025\/11\/cleaning-rental-vpm.png\" class=\"vc_single_image-img attachment-full\" alt=\"\" title=\"\" \/><\/div>\n\t\t<\/figure>\n\t<\/div>\n<h4 style=\"font-size: 1rem;color: #FFFFFF;line-height: normal;text-align: left\" class=\"vc_custom_heading vc_do_custom_heading vc_custom_1738784440684\" ><strong>Limpieza de alquileres vacacionales<\/strong><\/h4>\n\t<div class=\"wpb_text_column wpb_content_element vc_custom_1738784663226\" >\n\t\t<div class=\"wpb_wrapper\">\n\t\t\t<p><span style=\"color: #ffffff;\">Servicios completos de limpieza profunda para garantizar que tu propiedad est\u00e9 siempre lista para hu\u00e9spedes, sin importar la temporada.<\/span><\/p>\n\n\t\t<\/div>\n\t<\/div>\n<\/div><\/div><\/div><div class=\"wpb_column vc_column_container vc_col-sm-4 vc_col-has-fill\"><div class=\"vc_column-inner vc_custom_1738784356316\"><div class=\"wpb_wrapper\">\n\t<div  class=\"wpb_single_image wpb_content_element vc_align_left wpb_content_element vc_custom_1763164028819\">\n\t\t\n\t\t<figure class=\"wpb_wrapper vc_figure\">\n\t\t\t<div class=\"vc_single_image-wrapper   vc_box_border_grey\"><img loading=\"lazy\" decoding=\"async\" width=\"81\" height=\"81\" src=\"https:\/\/vacationpropertymaids.com\/wp-content\/uploads\/sites\/4\/2025\/11\/Linen-and-laundry-vpm.png\" class=\"vc_single_image-img attachment-full\" alt=\"\" title=\"\" \/><\/div>\n\t\t<\/figure>\n\t<\/div>\n<h4 style=\"font-size: 1rem;color: #FFFFFF;line-height: normal;text-align: left\" class=\"vc_custom_heading vc_do_custom_heading vc_custom_1738784549187\" ><strong>Opciones de servicios de lavander\u00eda y ropa de cama<\/strong><\/h4>\n\t<div class=\"wpb_text_column wpb_content_element vc_custom_1738784669546\" >\n\t\t<div class=\"wpb_wrapper\">\n\t\t\t<p><span style=\"color: #ffffff;\">Lavado, secado, lavander\u00eda fuera del sitio y renta de ropa de cama; t\u00fa eliges el servicio que mejor se adapte a tus necesidades. Reposici\u00f3n de s\u00e1banas, toallas, toallas de cocina y tapetes de ba\u00f1o.<\/span><\/p>\n\n\t\t<\/div>\n\t<\/div>\n<\/div><\/div><\/div><div class=\"wpb_column vc_column_container vc_col-sm-4 vc_col-has-fill\"><div class=\"vc_column-inner vc_custom_1738784361252\"><div class=\"wpb_wrapper\">\n\t<div  class=\"wpb_single_image wpb_content_element vc_align_left wpb_content_element vc_custom_1763164038824\">\n\t\t\n\t\t<figure class=\"wpb_wrapper vc_figure\">\n\t\t\t<div class=\"vc_single_image-wrapper   vc_box_border_grey\"><img loading=\"lazy\" decoding=\"async\" width=\"81\" height=\"81\" src=\"https:\/\/vacationpropertymaids.com\/wp-content\/uploads\/sites\/4\/2025\/11\/Mid-Stay-VPM.png\" class=\"vc_single_image-img attachment-full\" alt=\"\" title=\"\" \/><\/div>\n\t\t<\/figure>\n\t<\/div>\n<h4 style=\"font-size: 1rem;color: #FFFFFF;line-height: normal;text-align: left\" class=\"vc_custom_heading vc_do_custom_heading vc_custom_1738784941710\" ><strong>Limpieza durante la estancia<\/strong><\/h4>\n\t<div class=\"wpb_text_column wpb_content_element vc_custom_1738784674202\" >\n\t\t<div class=\"wpb_wrapper\">\n\t\t\t<p><span style=\"color: #ffffff;\">Servicios de limpieza para hu\u00e9spedes que se alojan por per\u00edodos m\u00e1s largos de lo habitual. Incluye orden general, cambio de ropa de cama y reposici\u00f3n de suministros.<\/span><\/p>\n\n\t\t<\/div>\n\t<\/div>\n<\/div><\/div><\/div><\/div><div class=\"vc_row wpb_row vc_inner vc_row-fluid vc_custom_1738784296768 vc_column-gap-1 vc_row-o-equal-height vc_row-flex\"><div class=\"wpb_column vc_column_container vc_col-sm-4 vc_col-has-fill\"><div class=\"vc_column-inner vc_custom_1738784334970\"><div class=\"wpb_wrapper\">\n\t<div  class=\"wpb_single_image wpb_content_element vc_align_left wpb_content_element vc_custom_1763164044970\">\n\t\t\n\t\t<figure class=\"wpb_wrapper vc_figure\">\n\t\t\t<div class=\"vc_single_image-wrapper   vc_box_border_grey\"><img loading=\"lazy\" decoding=\"async\" width=\"81\" height=\"81\" src=\"https:\/\/vacationpropertymaids.com\/wp-content\/uploads\/sites\/4\/2025\/11\/Restock-VPM.png\" class=\"vc_single_image-img attachment-full\" alt=\"\" title=\"\" \/><\/div>\n\t\t<\/figure>\n\t<\/div>\n<h4 style=\"font-size: 1rem;color: #FFFFFF;line-height: normal;text-align: left\" class=\"vc_custom_heading vc_do_custom_heading vc_custom_1738784949758\" ><strong>Reposici\u00f3n de suministros<\/strong><\/h4>\n\t<div class=\"wpb_text_column wpb_content_element vc_custom_1738784680539\" >\n\t\t<div class=\"wpb_wrapper\">\n\t\t\t<p><span style=\"color: #ffffff;\">Reposici\u00f3n de art\u00edculos de higiene y productos de limpieza. Abastecimiento de art\u00edculos esenciales de cocina como caf\u00e9, t\u00e9 y az\u00facar, as\u00ed como toallas de papel, papel higi\u00e9nico, shampoo, acondicionador y gel de ba\u00f1o, etc. T\u00fa proporcionas los suministros o nosotros podemos pedirlos sin costo adicional.<\/span><\/p>\n\n\t\t<\/div>\n\t<\/div>\n<\/div><\/div><\/div><div class=\"wpb_column vc_column_container vc_col-sm-4 vc_col-has-fill\"><div class=\"vc_column-inner vc_custom_1738784356316\"><div class=\"wpb_wrapper\">\n\t<div  class=\"wpb_single_image wpb_content_element vc_align_left wpb_content_element vc_custom_1763164052918\">\n\t\t\n\t\t<figure class=\"wpb_wrapper vc_figure\">\n\t\t\t<div class=\"vc_single_image-wrapper   vc_box_border_grey\"><img loading=\"lazy\" decoding=\"async\" width=\"81\" height=\"81\" src=\"https:\/\/vacationpropertymaids.com\/wp-content\/uploads\/sites\/4\/2025\/11\/inspection-VPM.png\" class=\"vc_single_image-img attachment-full\" alt=\"\" title=\"\" \/><\/div>\n\t\t<\/figure>\n\t<\/div>\n<h4 style=\"font-size: 1rem;color: #FFFFFF;line-height: normal;text-align: left\" class=\"vc_custom_heading vc_do_custom_heading vc_custom_1738784958214\" ><strong>Servicios de inspecci\u00f3n<\/strong><\/h4>\n\t<div class=\"wpb_text_column wpb_content_element vc_custom_1738784737655\" >\n\t\t<div class=\"wpb_wrapper\">\n\t\t\t<p><span style=\"color: #ffffff;\">Inspecciones posteriores a la limpieza para garantizar que la propiedad cumpla con los est\u00e1ndares de Airbnb y las expectativas de los hu\u00e9spedes. Reporte de da\u00f1os, art\u00edculos faltantes o necesidades de mantenimiento.<\/span><\/p>\n\n\t\t<\/div>\n\t<\/div>\n<\/div><\/div><\/div><div class=\"wpb_column vc_column_container vc_col-sm-4 vc_col-has-fill\"><div class=\"vc_column-inner vc_custom_1738784361252\"><div class=\"wpb_wrapper\">\n\t<div  class=\"wpb_single_image wpb_content_element vc_align_left wpb_content_element vc_custom_1763164059587\">\n\t\t\n\t\t<figure class=\"wpb_wrapper vc_figure\">\n\t\t\t<div class=\"vc_single_image-wrapper   vc_box_border_grey\"><img loading=\"lazy\" decoding=\"async\" width=\"81\" height=\"81\" src=\"https:\/\/vacationpropertymaids.com\/wp-content\/uploads\/sites\/4\/2025\/11\/maintenance-VPM.png\" class=\"vc_single_image-img attachment-full\" alt=\"\" title=\"\" \/><\/div>\n\t\t<\/figure>\n\t<\/div>\n<h4 style=\"font-size: 1rem;color: #FFFFFF;line-height: normal;text-align: left\" class=\"vc_custom_heading vc_do_custom_heading vc_custom_1738784966000\" ><strong>Soporte de mantenimiento<\/strong><\/h4>\n\t<div class=\"wpb_text_column wpb_content_element vc_custom_1738784742391\" >\n\t\t<div class=\"wpb_wrapper\">\n\t\t\t<p><span style=\"color: #ffffff;\">Tareas de mantenimiento ligero (por ejemplo, cambio de focos o bater\u00edas) y coordinaci\u00f3n contigo para reparaciones mayores o mantenimiento general.<\/span><\/p>\n\n\t\t<\/div>\n\t<\/div>\n<\/div><\/div><\/div><\/div><\/div><\/div><\/div><div class=\"wpb_column vc_column_container vc_col-sm-6\"><div class=\"vc_column-inner vc_custom_1763164068618\"><div class=\"wpb_wrapper\"><\/div><\/div><\/div><div class=\"nk-awb  nk-awb-after-vc_column\" ><div class=\"nk-awb-wrap\" data-awb-type=\"image\" data-awb-image-background-size=\"cover\" data-awb-image-background-position=\"50% 50%\"><div  class=\"nk-awb-inner\"><img loading=\"lazy\" decoding=\"async\" width=\"1920\" height=\"1209\" src=\"https:\/\/vacationpropertymaids.com\/wp-content\/uploads\/sites\/4\/2025\/11\/hero-services.jpg\" class=\"jarallax-img\" alt=\"\" style=\"object-position: 50% 50%;\" srcset=\"https:\/\/vacationpropertymaids.com\/wp-content\/uploads\/sites\/4\/2025\/11\/hero-services.jpg 1920w, https:\/\/vacationpropertymaids.com\/wp-content\/uploads\/sites\/4\/2025\/11\/hero-services-300x189.jpg 300w, https:\/\/vacationpropertymaids.com\/wp-content\/uploads\/sites\/4\/2025\/11\/hero-services-1024x645.jpg 1024w, https:\/\/vacationpropertymaids.com\/wp-content\/uploads\/sites\/4\/2025\/11\/hero-services-768x484.jpg 768w, https:\/\/vacationpropertymaids.com\/wp-content\/uploads\/sites\/4\/2025\/11\/hero-services-1536x967.jpg 1536w, https:\/\/vacationpropertymaids.com\/wp-content\/uploads\/sites\/4\/2025\/11\/hero-services-500x315.jpg 500w, https:\/\/vacationpropertymaids.com\/wp-content\/uploads\/sites\/4\/2025\/11\/hero-services-800x504.jpg 800w, https:\/\/vacationpropertymaids.com\/wp-content\/uploads\/sites\/4\/2025\/11\/hero-services-1280x806.jpg 1280w\" sizes=\"auto, (max-width: 1920px) 100vw, 1920px\" \/><\/div><\/div><\/div><\/div><div class=\"vc_row-full-width vc_clearfix\"><\/div>\n<\/div>","protected":false},"excerpt":{"rendered":"Testimonials What Our Clients Say About Us \"Couldn't think of anyone else that I'd want to work with other than Vacation Property Maids. They bring value, friendliness and just top-notch services.\"- Matthew, San Diego, CA. \"We've been with Vacation Property Maids 6 or 8 years now, the team comes and they do the best job<a href=\"https:\/\/vacationpropertymaids.com\/es\/testimonials\/\">Continue reading <span class=\"sr-only\">\"Testimonials\"<\/span><\/a>","protected":false},"author":1,"featured_media":0,"parent":0,"menu_order":6,"comment_status":"closed","ping_status":"closed","template":"template-full.php","meta":{"_acf_changed":false,"footnotes":""},"class_list":["post-21","page","type-page","status-publish","hentry"],"acf":[],"aioseo_notices":[],"_links":{"self":[{"href":"https:\/\/vacationpropertymaids.com\/es\/wp-json\/wp\/v2\/pages\/21","targetHints":{"allow":["GET"]}}],"collection":[{"href":"https:\/\/vacationpropertymaids.com\/es\/wp-json\/wp\/v2\/pages"}],"about":[{"href":"https:\/\/vacationpropertymaids.com\/es\/wp-json\/wp\/v2\/types\/page"}],"author":[{"embeddable":true,"href":"https:\/\/vacationpropertymaids.com\/es\/wp-json\/wp\/v2\/users\/1"}],"replies":[{"embeddable":true,"href":"https:\/\/vacationpropertymaids.com\/es\/wp-json\/wp\/v2\/comments?post=21"}],"version-history":[{"count":3,"href":"https:\/\/vacationpropertymaids.com\/es\/wp-json\/wp\/v2\/pages\/21\/revisions"}],"predecessor-version":[{"id":3892,"href":"https:\/\/vacationpropertymaids.com\/es\/wp-json\/wp\/v2\/pages\/21\/revisions\/3892"}],"wp:attachment":[{"href":"https:\/\/vacationpropertymaids.com\/es\/wp-json\/wp\/v2\/media?parent=21"}],"curies":[{"name":"wp","href":"https:\/\/api.w.org\/{rel}","templated":true}]}}