{"id":23,"date":"2019-05-24T17:42:24","date_gmt":"2019-05-24T17:42:24","guid":{"rendered":"https:\/\/vacationpropertymaids.com\/?page_id=23"},"modified":"2025-11-20T21:56:24","modified_gmt":"2025-11-20T21:56:24","slug":"faqs","status":"publish","type":"page","link":"https:\/\/vacationpropertymaids.com\/es\/faqs\/","title":{"rendered":"FAQs"},"content":{"rendered":"<div class=\"wpb-content-wrapper\"><div data-vc-full-width=\"true\" data-vc-full-width-temp=\"true\" data-vc-full-width-init=\"false\" data-vc-stretch-content=\"true\" class=\"vc_row wpb_row vc_row-fluid vc_custom_1618003788992 vc_row-has-fill\"><div class=\"wpb_column vc_column_container vc_col-sm-12 vc_col-has-fill\"><div class=\"vc_column-inner vc_custom_1562180041703\"><div class=\"wpb_wrapper\"><\/div><\/div><\/div><\/div><div class=\"vc_row-full-width vc_clearfix\"><\/div><div class=\"vc_row wpb_row vc_row-fluid vc_custom_1558729166250 vc_row-has-fill vc_column-gap-20\"><div class=\"wpb_column vc_column_container vc_col-sm-12 vc_col-has-fill\"><div class=\"vc_column-inner vc_custom_1558725665546\"><div class=\"wpb_wrapper\"><h1 style=\"font-size: 40px;color: #303030;text-align: left\" class=\"vc_custom_heading vc_do_custom_heading vc_custom_1665433653022\" >Frequently Asked Questions<\/h1><div  class=\"vc_do_toggle vc_toggle vc_toggle_simple vc_toggle_color_white  vc_toggle_size_md vc_custom_1759341048206\"><div class=\"vc_toggle_title\"><h4>\u00bfQu\u00e9 servicios ofrecen?<\/h4><i class=\"vc_toggle_icon\"><\/i><\/div><div class=\"vc_toggle_content\"><p><span style=\"color: #ffffff;\">Nos especializamos en la limpieza de rentas vacacionales, incluyendo limpiezas profundas, limpieza de rotaci\u00f3n (turnovers),\u00a0<a style=\"color: #ffffff;\" href=\"https:\/\/movermaids.com\/services\/move-out-deep-cleaning-in-san-diego\/\">limpieza profunda por mudanza (Move-in\/Move-out)<\/a>,\u00a0<a style=\"color: #ffffff;\" href=\"https:\/\/movermaids.com\/services\/garage-cleaning-in-san-diego\/\">limpieza de garajes<\/a>\u00a0y la reposici\u00f3n de art\u00edculos esenciales para que su propiedad est\u00e9 siempre lista para sus hu\u00e9spedes.<\/span><\/p>\n<\/div><\/div><div  class=\"vc_do_toggle vc_toggle vc_toggle_simple vc_toggle_color_white  vc_toggle_size_md vc_custom_1738096452014\"><div class=\"vc_toggle_title\"><h4>\u00bfC\u00f3mo puedo contratar sus servicios?<\/h4><i class=\"vc_toggle_icon\"><\/i><\/div><div class=\"vc_toggle_content\"><p><span style=\"font-weight: 400; color: #ffffff;\">Puede facilmente <a style=\"color: #ffffff;\" href=\"https:\/\/vpm.socalpropertymaids.com\/get-a-quote\/\">reservar en l\u00ednea<\/a> a trav\u00e9s de nuestro sitio web o contactarnos directamente <a style=\"color: #ffffff;\" href=\"tel:+16195351990\">phone call or text message<\/a>. We recommend scheduling at least 24 hours in advance.<\/span><\/p>\n<\/div><\/div><div  class=\"vc_do_toggle vc_toggle vc_toggle_simple vc_toggle_color_white  vc_toggle_size_md vc_custom_1720137122603\"><div class=\"vc_toggle_title\"><h4>Do you provide deep cleaning services? If so, what does that include?<\/h4><i class=\"vc_toggle_icon\"><\/i><\/div><div class=\"vc_toggle_content\"><p><span style=\"font-weight: 400;\">Yes, we offer deep cleaning services. This includes thorough cleaning\u00a0 top to bottom including all appliances inside and out, cleaning behind furniture (washing windows per request only) deep cleaning means\u00a0 detailed cleaning top to bottom.<\/span><\/p>\n<\/div><\/div><div  class=\"vc_do_toggle vc_toggle vc_toggle_simple vc_toggle_color_white  vc_toggle_size_md vc_custom_1720137141191\"><div class=\"vc_toggle_title\"><h4>How do you handle linens and towels?<\/h4><i class=\"vc_toggle_icon\"><\/i><\/div><div class=\"vc_toggle_content\"><p><span style=\"font-weight: 400;\">We strip used linens and towels, replace them with fresh ones, and ensure all used items are laundered properly, even in the property of offsite. We can also manage an inventory of linens and towels if needed.<\/span><\/p>\n<\/div><\/div><div  class=\"vc_do_toggle vc_toggle vc_toggle_simple vc_toggle_color_white  vc_toggle_size_md vc_custom_1720137157509\"><div class=\"vc_toggle_title\"><h4>Do you supply your own cleaning products and equipment?<\/h4><i class=\"vc_toggle_icon\"><\/i><\/div><div class=\"vc_toggle_content\"><p><span style=\"font-weight: 400;\">Yes, we bring our own\u00a0 cleaning products and professional-grade equipment. However, if you have specific products you prefer, we can use those as well.<\/span><\/p>\n<\/div><\/div><div  class=\"vc_do_toggle vc_toggle vc_toggle_simple vc_toggle_color_white  vc_toggle_size_md vc_custom_1720137173517\"><div class=\"vc_toggle_title\"><h4>Can you restock supplies like toilet paper, soap, and paper towels?<\/h4><i class=\"vc_toggle_icon\"><\/i><\/div><div class=\"vc_toggle_content\"><p><span style=\"font-weight: 400;\">Absolutely, we can restock basic supplies as part of our service. We keep track of the inventory and ensure everything is fully stocked for the next guest, also you can order with Instacart and get delivered to the property while we are cleaning at no extra charge or we can go and purchase bulk\u00a0 supplies for the entire month. <\/span><\/p>\n<\/div><\/div><div  class=\"vc_do_toggle vc_toggle vc_toggle_simple vc_toggle_color_white  vc_toggle_size_md vc_custom_1716854751063\"><div class=\"vc_toggle_title\"><h4>Is the Vacation Property Maids team trained before coming to my rental experienced?<\/h4><i class=\"vc_toggle_icon\"><\/i><\/div><div class=\"vc_toggle_content\"><p>Yes, all team member are fully train and have experience before they are permitted to go on jobs by themselves<\/p>\n<\/div><\/div><div  class=\"vc_do_toggle vc_toggle vc_toggle_simple vc_toggle_color_white  vc_toggle_size_md vc_custom_1753389678162\"><div class=\"vc_toggle_title\"><h4>\u00bfQu\u00e9 m\u00e9todos de pago aceptan?<\/h4><i class=\"vc_toggle_icon\"><\/i><\/div><div class=\"vc_toggle_content\"><p><span style=\"font-weight: 400;\">Aceptamos las principales tarjetas de cr\u00e9dito, tarjetas de d\u00e9bito y pagos por transferencia ACH. Tenga en cuenta que se aplicar\u00e1 un cargo del 1% para pagos ACH y una comisi\u00f3n por procesamiento del 3% para pagos con tarjeta de cr\u00e9dito. Tambi\u00e9n aceptamos VENMO y PayPal. <\/span><\/p>\n<\/div><\/div><div  class=\"vc_do_toggle vc_toggle vc_toggle_simple vc_toggle_color_white  vc_toggle_size_md vc_custom_1716856589284\"><div class=\"vc_toggle_title\"><h4>\u00bfCu\u00e1les son sus zonas de servicio?<\/h4><i class=\"vc_toggle_icon\"><\/i><\/div><div class=\"vc_toggle_content\"><p>Our Reliable Vacation Rental Cleaning Services cover the following areas:<\/p>\n<p><a href=\"https:\/\/vpm.socalpropertymaids.com\/areas-we-serve\/san-diego\/\"><strong>San Diego County:<\/strong><\/a><br \/>\nCardiff, Carlsbad, Coronado, Del Mar, Encinitas, Imperial Beach, La Jolla, Ocean Beach, Oceanside, Pacific Beach, Poway, Ramona, Solana Beach<\/p>\n<p><a href=\"https:\/\/vpm.socalpropertymaids.com\/areas-we-serve\/los-angeles\/\"><strong>Los Angeles:<\/strong><\/a><br \/>\nAltadena, El Segundo, Glendale, Long Beach, Palos Verdes, Redondo Beach, San Pedro, Signal Hill, Torrance, Van Nuys, Venice<\/p>\n<p><a href=\"https:\/\/vpm.socalpropertymaids.com\/areas-we-serve\/orange-county\/\"><strong>Orange County:<\/strong><\/a><br \/>\nAnaheim, Balboa Island, Buena Park, Costa Mesa, Fountain Valley, Garden Grove, Huntington Beach, Irvine, New Port, Santa Ana, Seal Beach, Stanton, Tustin, Westminster<\/p>\n<\/div><\/div><div  class=\"vc_do_toggle vc_toggle vc_toggle_simple vc_toggle_color_white  vc_toggle_size_md vc_custom_1720137195789\"><div class=\"vc_toggle_title\"><h4>What is your availability?<\/h4><i class=\"vc_toggle_icon\"><\/i><\/div><div class=\"vc_toggle_content\"><p><span style=\"font-weight: 400;\">We offer flexible scheduling to accommodate check-in and check-out times. Our team is available seven days a week, including holidays.<\/span><\/p>\n<\/div><\/div><div  class=\"vc_do_toggle vc_toggle vc_toggle_simple vc_toggle_color_white  vc_toggle_size_md vc_custom_1748637667224\"><div class=\"vc_toggle_title\"><h4>How much notice do you need for a booking?<\/h4><i class=\"vc_toggle_icon\"><\/i><\/div><div class=\"vc_toggle_content\"><p><span style=\"font-weight: 400;\">Ideally, we prefer at least 12 hours&#8217; notice, but we can accommodate last-minute requests depending on our availability (with an extra fee of $75).<\/span><\/p>\n<\/div><\/div><div  class=\"vc_do_toggle vc_toggle vc_toggle_simple vc_toggle_color_white  vc_toggle_size_md vc_custom_1720137369865\"><div class=\"vc_toggle_title\"><h4>How do you handle keys and access to the property?<\/h4><i class=\"vc_toggle_icon\"><\/i><\/div><div class=\"vc_toggle_content\"><p><span style=\"font-weight: 400;\">We have secure procedures for handling keys, including coded lockboxes or secure key exchanges. We also respect any specific access instructions provided by property managers or owners.<\/span><\/p>\n<\/div><\/div><div  class=\"vc_do_toggle vc_toggle vc_toggle_simple vc_toggle_color_white  vc_toggle_size_md vc_custom_1738095531276\"><div class=\"vc_toggle_title\"><h4>\u00bfC\u00f3mo garantizan la calidad del servicio?<\/h4><i class=\"vc_toggle_icon\"><\/i><\/div><div class=\"vc_toggle_content\"><p><span style=\"font-weight: 400;\">Our team follows a detailed cleaning checklist and undergoes regular training to meet high standards. We welcome your feedback to ensure satisfaction.<\/span><\/p>\n<\/div><\/div><div  class=\"vc_do_toggle vc_toggle vc_toggle_simple vc_toggle_color_white  vc_toggle_size_md vc_custom_1708115223747\"><div class=\"vc_toggle_title\"><h4>What happens if my vacation rental cleaning falls on a statutory holiday?<\/h4><i class=\"vc_toggle_icon\"><\/i><\/div><div class=\"vc_toggle_content\"><p>We do clean even if it is a Holiday or Sunday!<\/p>\n<p>Please note that a holiday fee of $50 will be applied for scheduling a vacation rental cleaning on a holiday date.<\/p>\n<\/div><\/div><div  class=\"vc_do_toggle vc_toggle vc_toggle_simple vc_toggle_color_white  vc_toggle_size_md vc_custom_1716854092945\"><div class=\"vc_toggle_title\"><h4>What happens if something is not cleaned to our satisfaction?<\/h4><i class=\"vc_toggle_icon\"><\/i><\/div><div class=\"vc_toggle_content\"><p>All our services are guaranteed. We do this because we make quality the priority.<\/p>\n<p>Please call our office within 24 hrs if you are not 100% satisfied. The cleaning crew will go back to your home to correct the situation.<\/p>\n<\/div><\/div><div  class=\"vc_do_toggle vc_toggle vc_toggle_simple vc_toggle_color_white  vc_toggle_size_md vc_custom_1738095139556\"><div class=\"vc_toggle_title\"><h4>\u00bfTendr\u00e9 siempre a la misma persona para la limpieza?<\/h4><i class=\"vc_toggle_icon\"><\/i><\/div><div class=\"vc_toggle_content\"><p><span style=\"font-weight: 400;\">Nos esforzamos por brindar un servicio constante; sin embargo, debido a la programaci\u00f3n, el personal podr\u00eda variar. Tenga la seguridad de que todos los miembros de nuestro equipo est\u00e1n altamente capacitados y han pasado por una revisi\u00f3n de antecedentes penales.<\/span><\/p>\n<\/div><\/div><div  class=\"vc_do_toggle vc_toggle vc_toggle_simple vc_toggle_color_white  vc_toggle_size_md vc_custom_1759340780195\"><div class=\"vc_toggle_title\"><h4>Is there a cancellation fee?<\/h4><i class=\"vc_toggle_icon\"><\/i><\/div><div class=\"vc_toggle_content\"><p>Requerimos un aviso de 24 horas para cancelar o reprogramar su servicio sin penalizaci\u00f3n. Las cancelaciones realizadas con menos de 5 horas de antelaci\u00f3n tendr\u00e1n un cargo del 50% de la tarifa del servicio<\/p>\n<\/div><\/div><div  class=\"vc_do_toggle vc_toggle vc_toggle_simple vc_toggle_color_white  vc_toggle_size_md vc_custom_1738095173004\"><div class=\"vc_toggle_title\"><h4>\u00bfHay alg\u00fan cargo adicional?<\/h4><i class=\"vc_toggle_icon\"><\/i><\/div><div class=\"vc_toggle_content\"><p><span style=\"font-weight: 400;\">Pueden aplicarse cargos adicionales por suciedad excesiva, pelo de mascotas o solicitudes de \u00faltimo minuto. Siempre le comunicaremos cualquier cargo extra por adelantado.<\/span><\/p>\n<\/div><\/div><div  class=\"vc_do_toggle vc_toggle vc_toggle_simple vc_toggle_color_white  vc_toggle_size_md vc_custom_1759341084312\"><div class=\"vc_toggle_title\"><h4>\u00bfC\u00f3mo puedo contactarlos?<\/h4><i class=\"vc_toggle_icon\"><\/i><\/div><div class=\"vc_toggle_content\"><p class=\"\"><span style=\"color: #ffffff;\">Puede comunicarse con nosotros v\u00eda telef\u00f3nica, <a style=\"color: #ffffff;\" href=\"tel:+18884404187\">888-440-4187<\/a>,\u00a0<a style=\"color: #ffffff;\" href=\"mailto:contact@vacationpropertymaids.com\">email<\/a>, o\u00a0<a style=\"color: #ffffff;\" href=\"https:\/\/vpm.socalpropertymaids.com\/get-a-quote\/\">use nuestro formulario de contacto<\/a>, para cualquier pregunta o asistencia que necesite.<\/span><\/p>\n<\/div><\/div><div  class=\"vc_do_toggle vc_toggle vc_toggle_simple vc_toggle_color_white  vc_toggle_size_md vc_custom_1759340809291\"><div class=\"vc_toggle_title\"><h4>Are you insured?<\/h4><i class=\"vc_toggle_icon\"><\/i><\/div><div class=\"vc_toggle_content\"><div><span style=\"color: #ffffff;\">Absolutely. Vacation Property \u00a0Maids operates as a referral agency, \u00a0we maintain General Liability insurance and Workers Compensation for our business operations. In addition, we require every independent cleaner we refer to carry their own general liability and workers compensation insurance, ensuring peace of mind for\u00a0our\u00a0clients.<\/span><\/div>\n<\/div><\/div><div  class=\"vc_do_toggle vc_toggle vc_toggle_simple vc_toggle_color_white  vc_toggle_size_md vc_custom_1748642091198\"><div class=\"vc_toggle_title\"><h4>What happens if something is missing or broken?<\/h4><i class=\"vc_toggle_icon\"><\/i><\/div><div class=\"vc_toggle_content\"><div dir=\"ltr\">\n<div>\n<p><span style=\"color: #ffffff;\">We\u2019re committed to transparency and care. If our cleaners notice something broken or out of place during the cleaning, they\u2019ll always report it right away. We take great pride in treating every property with respect and attention to detail.<\/span><\/p>\n<p><span style=\"color: #ffffff;\">If you discover something broken after the cleaning, please let us know as soon as possible so we can review the situation together. We\u2019ll evaluate the circumstances based on the information available and the conditions of service, always aiming for a fair and reasonable resolution for everyone involved.<\/span><\/p>\n<\/div>\n<\/div>\n<\/div><\/div><\/div><\/div><\/div><\/div><div data-vc-full-width=\"true\" data-vc-full-width-temp=\"true\" data-vc-full-width-init=\"false\" class=\"vc_row wpb_row vc_row-fluid vc_custom_1741368912946 vc_row-has-fill\"><div class=\"wpb_column vc_column_container vc_col-sm-12 vc_col-has-fill\"><div class=\"vc_column-inner vc_custom_1738782831728\"><div class=\"wpb_wrapper\"><h3 style=\"font-size: 2.5rem;color: #4A4A4A;line-height: normal;text-align: center\" class=\"vc_custom_heading vc_do_custom_heading vc_custom_1738783098160\" >What Our Clients Say<\/h3>\n\t<div class=\"wpb_raw_code wpb_raw_html wpb_content_element vc_custom_1763675782091\" >\n\t\t<div class=\"wpb_wrapper\">\n\t\t\t<script type='text\/javascript' src='https:\/\/app.vacationpropertymaids.com\/reputation\/assets\/review-widget.js'><\/script><iframe class='lc_reviews_widget' src='https:\/\/app.vacationpropertymaids.com\/reputation\/widgets\/review_widget\/Dqs5sZATNnbENBxRJoF3?widgetId=691f8ada9fb28d0b06fbad5a' frameborder='0' scrolling='no' style='min-width: 100%; width: 100%;'><\/iframe>\n\t\t<\/div>\n\t<\/div>\n<div class=\"vc_row wpb_row vc_inner vc_row-fluid vc_custom_1745523235786 vc_column-gap-30 vc_row-o-equal-height vc_row-o-content-middle vc_row-flex\"><div class=\"wpb_column vc_column_container vc_col-sm-6 vc_col-has-fill\"><div class=\"vc_column-inner vc_custom_1738794926938\"><div class=\"wpb_wrapper\">\n\t<div class=\"wpb_video_widget wpb_content_element vc_clearfix   vc_custom_1738794949611 vc_video-aspect-ratio-169 vc_video-el-width-100 vc_video-align-left\" >\n\t\t<div class=\"wpb_wrapper\">\n\t\t\t\n\t\t\t<div class=\"wpb_video_wrapper\"><iframe loading=\"lazy\" title=\"Peter Testimonial - Vacation Property Maids Cleaning Services in Southern California\" width=\"500\" height=\"281\" src=\"https:\/\/www.youtube.com\/embed\/er7bO7uC2M4?feature=oembed\" frameborder=\"0\" allow=\"accelerometer; autoplay; clipboard-write; encrypted-media; gyroscope; picture-in-picture; web-share\" referrerpolicy=\"strict-origin-when-cross-origin\" allowfullscreen><\/iframe><\/div>\n\t\t<\/div>\n\t<\/div>\n<h4 style=\"font-size: 1.5rem;color: #f6820c;text-align: center\" class=\"vc_custom_heading vc_do_custom_heading vc_custom_1738794965939\" ><strong>\"The detail work that the cleaning teams do is just amazing! The best I've ever seen.\"<\/strong><\/h4><p style=\"text-align: center\" class=\"vc_custom_heading vc_do_custom_heading vc_custom_1738794972903\" >- Peter, San Diego, CA.<\/p><\/div><\/div><\/div><div class=\"wpb_column vc_column_container vc_col-sm-6 vc_col-has-fill\"><div class=\"vc_column-inner vc_custom_1738794933274\"><div class=\"wpb_wrapper\">\n\t<div class=\"wpb_video_widget wpb_content_element vc_clearfix   vc_custom_1738794994966 vc_video-aspect-ratio-169 vc_video-el-width-100 vc_video-align-left\" >\n\t\t<div class=\"wpb_wrapper\">\n\t\t\t\n\t\t\t<div class=\"wpb_video_wrapper\"><iframe loading=\"lazy\" title=\"Adam Testimonial - Vacation Property Maids Cleaning Services in Southern California\" width=\"500\" height=\"281\" src=\"https:\/\/www.youtube.com\/embed\/KTsbj2ad4e8?feature=oembed\" frameborder=\"0\" allow=\"accelerometer; autoplay; clipboard-write; encrypted-media; gyroscope; picture-in-picture; web-share\" referrerpolicy=\"strict-origin-when-cross-origin\" allowfullscreen><\/iframe><\/div>\n\t\t<\/div>\n\t<\/div>\n<h4 style=\"font-size: 1.5rem;color: #f6820c;text-align: center\" class=\"vc_custom_heading vc_do_custom_heading vc_custom_1738795001914\" ><strong>\"The detail work that the cleaning teams do is just amazing! The best I've ever seen.\"<\/strong><\/h4><p style=\"text-align: center\" class=\"vc_custom_heading vc_do_custom_heading vc_custom_1738795014681\" >- Adam, San Diego, CA.<\/p><\/div><\/div><\/div><\/div><\/div><\/div><\/div><\/div><div class=\"vc_row-full-width vc_clearfix\"><\/div>\n<\/div>","protected":false},"excerpt":{"rendered":"Frequently Asked QuestionsWhat services do you provide?We specialize in vacation rental cleaning, including deep cleaning, turnover cleaning,\u00a0Move in\/Move out deep cleaning,\u00a0garage cleaning\u00a0and restocking essentials to keep your property guest-ready. How do I book your services?You can easily book online through our website or contact us directly via phone call or text message. We recommend scheduling<a href=\"https:\/\/vacationpropertymaids.com\/es\/faqs\/\">Continue reading <span class=\"sr-only\">\"FAQs\"<\/span><\/a>","protected":false},"author":1,"featured_media":0,"parent":0,"menu_order":7,"comment_status":"closed","ping_status":"closed","template":"template-full.php","meta":{"_acf_changed":false,"footnotes":""},"class_list":["post-23","page","type-page","status-publish","hentry"],"acf":[],"aioseo_notices":[],"_links":{"self":[{"href":"https:\/\/vacationpropertymaids.com\/es\/wp-json\/wp\/v2\/pages\/23","targetHints":{"allow":["GET"]}}],"collection":[{"href":"https:\/\/vacationpropertymaids.com\/es\/wp-json\/wp\/v2\/pages"}],"about":[{"href":"https:\/\/vacationpropertymaids.com\/es\/wp-json\/wp\/v2\/types\/page"}],"author":[{"embeddable":true,"href":"https:\/\/vacationpropertymaids.com\/es\/wp-json\/wp\/v2\/users\/1"}],"replies":[{"embeddable":true,"href":"https:\/\/vacationpropertymaids.com\/es\/wp-json\/wp\/v2\/comments?post=23"}],"version-history":[{"count":2,"href":"https:\/\/vacationpropertymaids.com\/es\/wp-json\/wp\/v2\/pages\/23\/revisions"}],"predecessor-version":[{"id":3894,"href":"https:\/\/vacationpropertymaids.com\/es\/wp-json\/wp\/v2\/pages\/23\/revisions\/3894"}],"wp:attachment":[{"href":"https:\/\/vacationpropertymaids.com\/es\/wp-json\/wp\/v2\/media?parent=23"}],"curies":[{"name":"wp","href":"https:\/\/api.w.org\/{rel}","templated":true}]}}